{"id":933,"date":"2025-07-23T02:09:51","date_gmt":"2025-07-23T02:09:51","guid":{"rendered":"https:\/\/www.heveafunds.com\/actualites\/"},"modified":"2025-10-03T13:22:55","modified_gmt":"2025-10-03T13:22:55","slug":"actualites","status":"publish","type":"page","link":"https:\/\/www.heveafunds.com\/fr\/actualites\/","title":{"rendered":"Actualit\u00e9s"},"content":{"rendered":"\t\t<div data-elementor-type=\"wp-page\" data-elementor-id=\"933\" class=\"elementor elementor-933 elementor-25\" data-elementor-post-type=\"page\">\n\t\t\t\t\t\t<section class=\"elementor-section elementor-top-section elementor-element elementor-element-5caec4d9 elementor-section-height-min-height elementor-section-boxed elementor-section-height-default elementor-section-items-middle\" data-id=\"5caec4d9\" data-element_type=\"section\" data-e-type=\"section\" data-settings=\"{&quot;background_background&quot;:&quot;classic&quot;}\">\n\t\t\t\t\t\t\t<div class=\"elementor-background-overlay\"><\/div>\n\t\t\t\t\t\t\t<div class=\"elementor-container elementor-column-gap-default\">\n\t\t\t\t\t<div class=\"elementor-column elementor-col-100 elementor-top-column elementor-element elementor-element-6e87ac9a\" data-id=\"6e87ac9a\" data-element_type=\"column\" data-e-type=\"column\">\n\t\t\t<div class=\"elementor-widget-wrap elementor-element-populated\">\n\t\t\t\t\t\t<div class=\"elementor-element elementor-element-77674d19 elementor-widget elementor-widget-heading\" data-id=\"77674d19\" data-element_type=\"widget\" data-e-type=\"widget\" data-widget_type=\"heading.default\">\n\t\t\t\t\t<h2 class=\"elementor-heading-title elementor-size-default\">Derni\u00e8res<br><b>Actualit\u00e9s<\/b><\/h2>\t\t\t\t<\/div>\n\t\t\t\t\t<\/div>\n\t\t<\/div>\n\t\t\t\t\t<\/div>\n\t\t<\/section>\n\t\t\t\t<section class=\"elementor-section elementor-top-section elementor-element elementor-element-7036d48 elementor-section-boxed elementor-section-height-default elementor-section-height-default\" data-id=\"7036d48\" data-element_type=\"section\" data-e-type=\"section\">\n\t\t\t\t\t\t<div class=\"elementor-container elementor-column-gap-default\">\n\t\t\t\t\t<div class=\"elementor-column elementor-col-100 elementor-top-column elementor-element elementor-element-42a81b5\" data-id=\"42a81b5\" data-element_type=\"column\" data-e-type=\"column\">\n\t\t\t<div class=\"elementor-widget-wrap elementor-element-populated\">\n\t\t\t\t\t\t<div class=\"elementor-element elementor-element-1e09651 elementor-grid-3 elementor-grid-tablet-2 elementor-grid-mobile-1 elementor-posts--thumbnail-top elementor-card-shadow-yes elementor-posts__hover-gradient elementor-widget elementor-widget-posts\" data-id=\"1e09651\" data-element_type=\"widget\" data-e-type=\"widget\" data-settings=\"{&quot;pagination_type&quot;:&quot;load_more_infinite_scroll&quot;,&quot;cards_columns&quot;:&quot;3&quot;,&quot;cards_columns_tablet&quot;:&quot;2&quot;,&quot;cards_columns_mobile&quot;:&quot;1&quot;,&quot;cards_row_gap&quot;:{&quot;unit&quot;:&quot;px&quot;,&quot;size&quot;:35,&quot;sizes&quot;:[]},&quot;cards_row_gap_tablet&quot;:{&quot;unit&quot;:&quot;px&quot;,&quot;size&quot;:&quot;&quot;,&quot;sizes&quot;:[]},&quot;cards_row_gap_mobile&quot;:{&quot;unit&quot;:&quot;px&quot;,&quot;size&quot;:&quot;&quot;,&quot;sizes&quot;:[]},&quot;load_more_spinner&quot;:{&quot;value&quot;:&quot;fas fa-spinner&quot;,&quot;library&quot;:&quot;fa-solid&quot;}}\" data-widget_type=\"posts.cards\">\n\t\t\t\t<div class=\"elementor-widget-container\">\n\t\t\t\t\t\t\t<div class=\"elementor-posts-container elementor-posts elementor-posts--skin-cards elementor-grid\" role=\"list\">\n\t\t\t\t<article class=\"elementor-post elementor-grid-item post-1121 post type-post status-publish format-standard has-post-thumbnail hentry category-non-categorise\" role=\"listitem\">\n\t\t\t<div class=\"elementor-post__card\">\n\t\t\t\t<a class=\"elementor-post__thumbnail__link\" href=\"https:\/\/www.heveafunds.com\/fr\/hello-world\/\" tabindex=\"-1\" ><div class=\"elementor-post__thumbnail\"><img fetchpriority=\"high\" decoding=\"async\" width=\"800\" height=\"450\" src=\"https:\/\/www.heveafunds.com\/wp-content\/uploads\/2025\/07\/heveafunds-bg-1024x576.webp\" class=\"attachment-large size-large wp-image-435\" alt=\"\" srcset=\"https:\/\/www.heveafunds.com\/wp-content\/uploads\/2025\/07\/heveafunds-bg-1024x576.webp 1024w, https:\/\/www.heveafunds.com\/wp-content\/uploads\/2025\/07\/heveafunds-bg-300x169.webp 300w, https:\/\/www.heveafunds.com\/wp-content\/uploads\/2025\/07\/heveafunds-bg-768x432.webp 768w, https:\/\/www.heveafunds.com\/wp-content\/uploads\/2025\/07\/heveafunds-bg-1536x864.webp 1536w, https:\/\/www.heveafunds.com\/wp-content\/uploads\/2025\/07\/heveafunds-bg-2048x1152.webp 2048w\" sizes=\"(max-width: 800px) 100vw, 800px\" \/><\/div><\/a>\n\t\t\t\t<div class=\"elementor-post__badge\">Non cat\u00e9goris\u00e9<\/div>\n\t\t\t\t<div class=\"elementor-post__text\">\n\t\t\t\t<h3 class=\"elementor-post__title\">\n\t\t\t<a href=\"https:\/\/www.heveafunds.com\/fr\/hello-world\/\" >\n\t\t\t\tHello world!\t\t\t<\/a>\n\t\t<\/h3>\n\t\t\t\t<div class=\"elementor-post__excerpt\">\n\t\t\t<p>\u00ab\u00a0Lorem ipsum dolor sit amet, consectetur adipiscing elit, sed do eiusmod tempor incididunt ut labore et dolore magna aliqua. Ut enim ad minim veniam, quis nostrud exercitation ullamco laboris nisi ut aliquip ex ea commodo consequat. Duis aute irure dolor<\/p>\n\t\t<\/div>\n\t\t\n\t\t<a class=\"elementor-post__read-more\" href=\"https:\/\/www.heveafunds.com\/fr\/hello-world\/\" aria-label=\"Read more about Hello world!\" tabindex=\"-1\" >\n\t\t\tLire la suite \u00bb\t\t<\/a>\n\n\t\t\t\t<\/div>\n\t\t\t\t<div class=\"elementor-post__meta-data\">\n\t\t\t\t\t<span class=\"elementor-post-date\">\n\t\t\t22 juillet 2025\t\t<\/span>\n\t\t\t\t<\/div>\n\t\t\t\t\t<\/div>\n\t\t<\/article>\n\t\t\t\t<\/div>\n\t\t\t\t\t<span class=\"e-load-more-spinner\">\n\t\t\t\t<svg aria-hidden=\"true\" class=\"e-font-icon-svg e-fas-spinner\" viewBox=\"0 0 512 512\" xmlns=\"http:\/\/www.w3.org\/2000\/svg\"><path d=\"M304 48c0 26.51-21.49 48-48 48s-48-21.49-48-48 21.49-48 48-48 48 21.49 48 48zm-48 368c-26.51 0-48 21.49-48 48s21.49 48 48 48 48-21.49 48-48-21.49-48-48-48zm208-208c-26.51 0-48 21.49-48 48s21.49 48 48 48 48-21.49 48-48-21.49-48-48-48zM96 256c0-26.51-21.49-48-48-48S0 229.49 0 256s21.49 48 48 48 48-21.49 48-48zm12.922 99.078c-26.51 0-48 21.49-48 48s21.49 48 48 48 48-21.49 48-48c0-26.509-21.491-48-48-48zm294.156 0c-26.51 0-48 21.49-48 48s21.49 48 48 48 48-21.49 48-48c0-26.509-21.49-48-48-48zM108.922 60.922c-26.51 0-48 21.49-48 48s21.49 48 48 48 48-21.49 48-48-21.491-48-48-48z\"><\/path><\/svg>\t\t\t<\/span>\n\t\t\n\t\t\t\t\t\t<\/div>\n\t\t\t\t<\/div>\n\t\t\t\t\t<\/div>\n\t\t<\/div>\n\t\t\t\t\t<\/div>\n\t\t<\/section>\n\t\t\t\t<\/div>\n\t\t","protected":false},"excerpt":{"rendered":"<p>Derni\u00e8resActualit\u00e9s<\/p>\n","protected":false},"author":1,"featured_media":0,"parent":0,"menu_order":0,"comment_status":"closed","ping_status":"closed","template":"","meta":{"footnotes":""},"class_list":["post-933","page","type-page","status-publish","hentry"],"yoast_head":"<!-- This site is optimized with the Yoast SEO plugin v26.0 - https:\/\/yoast.com\/wordpress\/plugins\/seo\/ -->\n<title>HEVEA Funds | Derni\u00e8res actualit\u00e9s et mises \u00e0 jour<\/title>\n<meta name=\"description\" content=\"D\u00e9couvrez les actualit\u00e9s et mises \u00e0 jour de HEVEA Funds. En savoir plus sur nos fonds, investissements mondiaux, analyses strat\u00e9giques et \u00e9v\u00e9nements \u00e0 venir.\" \/>\n<meta name=\"robots\" content=\"index, follow, max-snippet:-1, max-image-preview:large, max-video-preview:-1\" \/>\n<link rel=\"canonical\" href=\"https:\/\/www.heveafunds.com\/news\/\" \/>\n<meta property=\"og:locale\" content=\"fr_FR\" \/>\n<meta property=\"og:type\" content=\"article\" \/>\n<meta property=\"og:title\" content=\"HEVEA Funds | Derni\u00e8res actualit\u00e9s et mises \u00e0 jour\" \/>\n<meta property=\"og:description\" content=\"D\u00e9couvrez les actualit\u00e9s et mises \u00e0 jour de HEVEA Funds. En savoir plus sur nos fonds, investissements mondiaux, analyses strat\u00e9giques et \u00e9v\u00e9nements \u00e0 venir.\" \/>\n<meta property=\"og:url\" content=\"https:\/\/www.heveafunds.com\/news\/\" \/>\n<meta property=\"og:site_name\" content=\"Heveafunds\" \/>\n<meta property=\"article:modified_time\" content=\"2025-10-03T13:22:55+00:00\" \/>\n<meta name=\"twitter:card\" content=\"summary_large_image\" \/>\n<script type=\"application\/ld+json\" class=\"yoast-schema-graph\">{\"@context\":\"https:\/\/schema.org\",\"@graph\":[{\"@type\":\"WebPage\",\"@id\":\"https:\/\/www.heveafunds.com\/news\/\",\"url\":\"https:\/\/www.heveafunds.com\/news\/\",\"name\":\"HEVEA Funds | Derni\u00e8res actualit\u00e9s et mises \u00e0 jour\",\"isPartOf\":{\"@id\":\"https:\/\/www.heveafunds.com\/#website\"},\"datePublished\":\"2025-07-23T02:09:51+00:00\",\"dateModified\":\"2025-10-03T13:22:55+00:00\",\"description\":\"D\u00e9couvrez les actualit\u00e9s et mises \u00e0 jour de HEVEA Funds. En savoir plus sur nos fonds, investissements mondiaux, analyses strat\u00e9giques et \u00e9v\u00e9nements \u00e0 venir.\",\"breadcrumb\":{\"@id\":\"https:\/\/www.heveafunds.com\/news\/#breadcrumb\"},\"inLanguage\":\"fr-FR\",\"potentialAction\":[{\"@type\":\"ReadAction\",\"target\":[\"https:\/\/www.heveafunds.com\/news\/\"]}]},{\"@type\":\"BreadcrumbList\",\"@id\":\"https:\/\/www.heveafunds.com\/news\/#breadcrumb\",\"itemListElement\":[{\"@type\":\"ListItem\",\"position\":1,\"name\":\"Home\",\"item\":\"https:\/\/www.heveafunds.com\/\"},{\"@type\":\"ListItem\",\"position\":2,\"name\":\"Actualit\u00e9s\"}]},{\"@type\":\"WebSite\",\"@id\":\"https:\/\/www.heveafunds.com\/#website\",\"url\":\"https:\/\/www.heveafunds.com\/\",\"name\":\"Heveafunds\",\"description\":\"\",\"publisher\":{\"@id\":\"https:\/\/www.heveafunds.com\/#organization\"},\"potentialAction\":[{\"@type\":\"SearchAction\",\"target\":{\"@type\":\"EntryPoint\",\"urlTemplate\":\"https:\/\/www.heveafunds.com\/?s={search_term_string}\"},\"query-input\":{\"@type\":\"PropertyValueSpecification\",\"valueRequired\":true,\"valueName\":\"search_term_string\"}}],\"inLanguage\":\"fr-FR\"},{\"@type\":\"Organization\",\"@id\":\"https:\/\/www.heveafunds.com\/#organization\",\"name\":\"Heveafunds\",\"url\":\"https:\/\/www.heveafunds.com\/\",\"logo\":{\"@type\":\"ImageObject\",\"inLanguage\":\"fr-FR\",\"@id\":\"https:\/\/www.heveafunds.com\/#\/schema\/logo\/image\/\",\"url\":\"https:\/\/www.heveafunds.com\/wp-content\/uploads\/2025\/07\/cropped-fav.png\",\"contentUrl\":\"https:\/\/www.heveafunds.com\/wp-content\/uploads\/2025\/07\/cropped-fav.png\",\"width\":512,\"height\":512,\"caption\":\"Heveafunds\"},\"image\":{\"@id\":\"https:\/\/www.heveafunds.com\/#\/schema\/logo\/image\/\"}}]}<\/script>\n<!-- \/ Yoast SEO plugin. -->","yoast_head_json":{"title":"HEVEA Funds | Derni\u00e8res actualit\u00e9s et mises \u00e0 jour","description":"D\u00e9couvrez les actualit\u00e9s et mises \u00e0 jour de HEVEA Funds. En savoir plus sur nos fonds, investissements mondiaux, analyses strat\u00e9giques et \u00e9v\u00e9nements \u00e0 venir.","robots":{"index":"index","follow":"follow","max-snippet":"max-snippet:-1","max-image-preview":"max-image-preview:large","max-video-preview":"max-video-preview:-1"},"canonical":"https:\/\/www.heveafunds.com\/news\/","og_locale":"fr_FR","og_type":"article","og_title":"HEVEA Funds | Derni\u00e8res actualit\u00e9s et mises \u00e0 jour","og_description":"D\u00e9couvrez les actualit\u00e9s et mises \u00e0 jour de HEVEA Funds. En savoir plus sur nos fonds, investissements mondiaux, analyses strat\u00e9giques et \u00e9v\u00e9nements \u00e0 venir.","og_url":"https:\/\/www.heveafunds.com\/news\/","og_site_name":"Heveafunds","article_modified_time":"2025-10-03T13:22:55+00:00","twitter_card":"summary_large_image","schema":{"@context":"https:\/\/schema.org","@graph":[{"@type":"WebPage","@id":"https:\/\/www.heveafunds.com\/news\/","url":"https:\/\/www.heveafunds.com\/news\/","name":"HEVEA Funds | Derni\u00e8res actualit\u00e9s et mises \u00e0 jour","isPartOf":{"@id":"https:\/\/www.heveafunds.com\/#website"},"datePublished":"2025-07-23T02:09:51+00:00","dateModified":"2025-10-03T13:22:55+00:00","description":"D\u00e9couvrez les actualit\u00e9s et mises \u00e0 jour de HEVEA Funds. En savoir plus sur nos fonds, investissements mondiaux, analyses strat\u00e9giques et \u00e9v\u00e9nements \u00e0 venir.","breadcrumb":{"@id":"https:\/\/www.heveafunds.com\/news\/#breadcrumb"},"inLanguage":"fr-FR","potentialAction":[{"@type":"ReadAction","target":["https:\/\/www.heveafunds.com\/news\/"]}]},{"@type":"BreadcrumbList","@id":"https:\/\/www.heveafunds.com\/news\/#breadcrumb","itemListElement":[{"@type":"ListItem","position":1,"name":"Home","item":"https:\/\/www.heveafunds.com\/"},{"@type":"ListItem","position":2,"name":"Actualit\u00e9s"}]},{"@type":"WebSite","@id":"https:\/\/www.heveafunds.com\/#website","url":"https:\/\/www.heveafunds.com\/","name":"Heveafunds","description":"","publisher":{"@id":"https:\/\/www.heveafunds.com\/#organization"},"potentialAction":[{"@type":"SearchAction","target":{"@type":"EntryPoint","urlTemplate":"https:\/\/www.heveafunds.com\/?s={search_term_string}"},"query-input":{"@type":"PropertyValueSpecification","valueRequired":true,"valueName":"search_term_string"}}],"inLanguage":"fr-FR"},{"@type":"Organization","@id":"https:\/\/www.heveafunds.com\/#organization","name":"Heveafunds","url":"https:\/\/www.heveafunds.com\/","logo":{"@type":"ImageObject","inLanguage":"fr-FR","@id":"https:\/\/www.heveafunds.com\/#\/schema\/logo\/image\/","url":"https:\/\/www.heveafunds.com\/wp-content\/uploads\/2025\/07\/cropped-fav.png","contentUrl":"https:\/\/www.heveafunds.com\/wp-content\/uploads\/2025\/07\/cropped-fav.png","width":512,"height":512,"caption":"Heveafunds"},"image":{"@id":"https:\/\/www.heveafunds.com\/#\/schema\/logo\/image\/"}}]}},"_links":{"self":[{"href":"https:\/\/www.heveafunds.com\/fr\/wp-json\/wp\/v2\/pages\/933","targetHints":{"allow":["GET"]}}],"collection":[{"href":"https:\/\/www.heveafunds.com\/fr\/wp-json\/wp\/v2\/pages"}],"about":[{"href":"https:\/\/www.heveafunds.com\/fr\/wp-json\/wp\/v2\/types\/page"}],"author":[{"embeddable":true,"href":"https:\/\/www.heveafunds.com\/fr\/wp-json\/wp\/v2\/users\/1"}],"replies":[{"embeddable":true,"href":"https:\/\/www.heveafunds.com\/fr\/wp-json\/wp\/v2\/comments?post=933"}],"version-history":[{"count":2,"href":"https:\/\/www.heveafunds.com\/fr\/wp-json\/wp\/v2\/pages\/933\/revisions"}],"predecessor-version":[{"id":1720,"href":"https:\/\/www.heveafunds.com\/fr\/wp-json\/wp\/v2\/pages\/933\/revisions\/1720"}],"wp:attachment":[{"href":"https:\/\/www.heveafunds.com\/fr\/wp-json\/wp\/v2\/media?parent=933"}],"curies":[{"name":"wp","href":"https:\/\/api.w.org\/{rel}","templated":true}]}}